{"id":885,"date":"2021-04-18T18:25:29","date_gmt":"2021-04-18T18:25:29","guid":{"rendered":"http:\/\/palekastro.pl\/?page_id=885"},"modified":"2021-12-29T19:18:22","modified_gmt":"2021-12-29T19:18:22","slug":"lifestyle-palekastro-windsuring-crete","status":"publish","type":"page","link":"https:\/\/palekastro.pl\/index.php\/lifestyle-palekastro-windsuring-crete\/","title":{"rendered":"lifestyle Palekastro windsuring Crete"},"content":{"rendered":"\n<div class=\"wp-block-columns has-background\" style=\"background-color:#a1a6a8\">\n<div class=\"wp-block-column\">\n<figure class=\"wp-block-image size-large is-resized\"><a href=\"https:\/\/www.climbcrete.com\/\" target=\"_blank\" rel=\"noopener\"><img loading=\"lazy\" src=\"http:\/\/palekastro.pl\/wp-content\/uploads\/2021\/06\/118725738_348474419614718_91200132089337129_n-1024x768.jpg\" alt=\"\" class=\"wp-image-1928\" width=\"1024\" height=\"668\"\/><\/a><\/figure>\n\n\n\n<div class=\"wp-block-buttons is-content-justification-center\">\n<div class=\"wp-block-button\"><a class=\"wp-block-button__link\" href=\"https:\/\/palekastro.pl\/index.php\/wspinaczka\/\">wspinaczka<\/a><\/div>\n<\/div>\n<\/div>\n\n\n\n<div class=\"wp-block-column\">\n<figure class=\"wp-block-image size-large\"><a href=\"https:\/\/www.facebook.com\/Janfreak\" target=\"_blank\" rel=\"noopener\"><img loading=\"lazy\" width=\"1541\" height=\"1155\" src=\"https:\/\/palekastro.pl\/wp-content\/uploads\/2021\/06\/198303877_327947245368894_1262898538498178166_n-edited.jpg\" alt=\"\" class=\"wp-image-1937\" srcset=\"https:\/\/palekastro.pl\/wp-content\/uploads\/2021\/06\/198303877_327947245368894_1262898538498178166_n-edited.jpg 1541w, https:\/\/palekastro.pl\/wp-content\/uploads\/2021\/06\/198303877_327947245368894_1262898538498178166_n-edited-300x225.jpg 300w, https:\/\/palekastro.pl\/wp-content\/uploads\/2021\/06\/198303877_327947245368894_1262898538498178166_n-edited-1024x768.jpg 1024w, https:\/\/palekastro.pl\/wp-content\/uploads\/2021\/06\/198303877_327947245368894_1262898538498178166_n-edited-768x576.jpg 768w, https:\/\/palekastro.pl\/wp-content\/uploads\/2021\/06\/198303877_327947245368894_1262898538498178166_n-edited-1536x1151.jpg 1536w, https:\/\/palekastro.pl\/wp-content\/uploads\/2021\/06\/198303877_327947245368894_1262898538498178166_n-edited-16x12.jpg 16w\" sizes=\"(max-width: 1541px) 100vw, 1541px\" \/><\/a><\/figure>\n\n\n\n<div class=\"wp-block-buttons alignwide is-content-justification-center\">\n<div class=\"wp-block-button\"><a class=\"wp-block-button__link\" href=\"https:\/\/palekastro.pl\/index.php\/rowery\/\">rowerem po krecie<\/a><\/div>\n<\/div>\n<\/div>\n<\/div>\n\n\n\n<div class=\"wp-block-columns has-nv-dark-bg-background-color has-background\">\n<div class=\"wp-block-column\">\n<div id=\"wp-block-themeisle-blocks-slider-fe5443a2\" class=\"wp-block-themeisle-blocks-slider glide\" data-per-view=\"2\" data-gap=\"2\" data-peek=\"0\" data-autoplay=\"true\" data-height=\"450px\" data-hide-arrows=\"false\"><div class=\"glide__track\" data-glide-el=\"track\"><div class=\"glide__slides\"><div class=\"wp-block-themeisle-blocks-slider-item-wrapper glide__slide\" tabindex=\"0\"><figure><img class=\"wp-block-themeisle-blocks-slider-item\" src=\"http:\/\/palekastro.pl\/wp-content\/uploads\/2021\/06\/WhatsApp-Image-2021-06-14-at-14.00.05.jpeg\" alt=\"\" title=\"\" data-id=\"2000\"\/><\/figure><\/div><div class=\"wp-block-themeisle-blocks-slider-item-wrapper glide__slide\" tabindex=\"0\"><figure><img class=\"wp-block-themeisle-blocks-slider-item\" src=\"http:\/\/palekastro.pl\/wp-content\/uploads\/2021\/06\/WhatsApp-Image-2021-06-14-at-14.00.06.jpeg\" alt=\"\" title=\"\" data-id=\"1999\"\/><\/figure><\/div><div class=\"wp-block-themeisle-blocks-slider-item-wrapper glide__slide\" tabindex=\"0\"><figure><img class=\"wp-block-themeisle-blocks-slider-item\" src=\"http:\/\/palekastro.pl\/wp-content\/uploads\/2021\/06\/WhatsApp-Image-2021-06-14-at-14.00.06-1.jpeg\" alt=\"\" title=\"\" data-id=\"1998\"\/><\/figure><\/div><div class=\"wp-block-themeisle-blocks-slider-item-wrapper glide__slide\" tabindex=\"0\"><figure><img class=\"wp-block-themeisle-blocks-slider-item\" src=\"http:\/\/palekastro.pl\/wp-content\/uploads\/2021\/06\/WhatsApp-Image-2021-06-14-at-14.00.06-3.jpeg\" alt=\"\" title=\"\" data-id=\"1996\"\/><\/figure><\/div><div class=\"wp-block-themeisle-blocks-slider-item-wrapper glide__slide\" tabindex=\"0\"><figure><img class=\"wp-block-themeisle-blocks-slider-item\" src=\"http:\/\/palekastro.pl\/wp-content\/uploads\/2021\/06\/WhatsApp-Image-2021-06-14-at-14.00.06-2.jpeg\" alt=\"\" title=\"\" data-id=\"1997\"\/><\/figure><\/div><div class=\"wp-block-themeisle-blocks-slider-item-wrapper glide__slide\" tabindex=\"0\"><figure><img class=\"wp-block-themeisle-blocks-slider-item\" src=\"http:\/\/palekastro.pl\/wp-content\/uploads\/2021\/06\/WhatsApp-Image-2021-06-14-at-14.00.07.jpeg\" alt=\"\" title=\"\" data-id=\"1994\"\/><\/figure><\/div><div class=\"wp-block-themeisle-blocks-slider-item-wrapper glide__slide\" tabindex=\"0\"><figure><img class=\"wp-block-themeisle-blocks-slider-item\" src=\"http:\/\/palekastro.pl\/wp-content\/uploads\/2021\/06\/WhatsApp-Image-2021-06-14-at-14.00.07-1.jpeg\" alt=\"\" title=\"\" data-id=\"1993\"\/><\/figure><\/div><\/div><div class=\"glide__bullets\" data-glide-el=\"controls[nav]\"><button class=\"glide__bullet\" data-glide-dir=\"=0\"><\/button><button class=\"glide__bullet\" data-glide-dir=\"=1\"><\/button><button class=\"glide__bullet\" data-glide-dir=\"=2\"><\/button><button class=\"glide__bullet\" data-glide-dir=\"=3\"><\/button><button class=\"glide__bullet\" data-glide-dir=\"=4\"><\/button><button class=\"glide__bullet\" data-glide-dir=\"=5\"><\/button><button class=\"glide__bullet\" data-glide-dir=\"=6\"><\/button><\/div><\/div><\/div>\n<\/div>\n\n\n\n<div class=\"wp-block-column\">\n<p class=\"has-nv-site-bg-color has-text-color has-medium-font-size\" id=\"block-19690b52-2675-4821-a879-9779c967fd99\">Do\u0142\u0105cz do popo\u0142udniowych zaj\u0119\u0107 jogi na pla\u017cy. Nasza do\u015bwiadczona nauczycielka jogi i wsp\u00f3\u0142za\u0142o\u017cycielka stacji surfingowej, Davina, poprowadzi Ci\u0119 przez zaj\u0119cia Vinyasa Flow i 2 zaj\u0119cia regeneracyjne tygodniowo, koncentruj\u0105c si\u0119 na g\u0142\u0119bokim rozci\u0105ganiu. Wszyscy s\u0105 mile widziani, niezale\u017cnie od tego, czy jeste\u015b pocz\u0105tkuj\u0105cym, czy zaawansowanym joginem. Sesje jeden na jeden s\u0105 r\u00f3wnie\u017c dost\u0119pne na \u017cyczenie. Napisz do nas, je\u015bli masz dodatkowe pytania\u2026<\/p>\n\n\n\n<p class=\"has-text-align-center has-nv-site-bg-color has-text-color has-medium-font-size\"><strong>missdavinapayne@mac.com<\/strong><\/p>\n<\/div>\n<\/div>\n\n\n\n<div class=\"wp-block-columns has-nv-light-bg-background-color has-background\">\n<div class=\"wp-block-column\">\n<div class=\"wp-block-columns\">\n<div class=\"wp-block-column\" style=\"flex-basis:100%\">\n<figure class=\"wp-block-image size-large is-style-default\"><a href=\"https:\/\/www.surfbeachapts.gr\/beach-bar\" target=\"_blank\" rel=\"noopener\"><img loading=\"lazy\" width=\"808\" height=\"553\" src=\"http:\/\/palekastro.pl\/wp-content\/uploads\/2021\/05\/Bar-e1621528077344.jpg\" alt=\"\" class=\"wp-image-1266\" srcset=\"https:\/\/palekastro.pl\/wp-content\/uploads\/2021\/05\/Bar-e1621528077344.jpg 808w, https:\/\/palekastro.pl\/wp-content\/uploads\/2021\/05\/Bar-e1621528077344-300x205.jpg 300w, https:\/\/palekastro.pl\/wp-content\/uploads\/2021\/05\/Bar-e1621528077344-768x526.jpg 768w\" sizes=\"(max-width: 808px) 100vw, 808px\" \/><\/a><\/figure>\n\n\n\n<div class=\"wp-block-buttons is-content-justification-center\">\n<div class=\"wp-block-button\"><a class=\"wp-block-button__link\" href=\"https:\/\/palekastro.pl\/index.php\/restauracje\/\">SURF BEACH BAR<\/a><\/div>\n<\/div>\n<\/div>\n<\/div>\n<\/div>\n\n\n\n<div class=\"wp-block-column\">\n<div class=\"wp-block-image is-style-default\"><figure class=\"aligncenter size-large\"><img loading=\"lazy\" width=\"1024\" height=\"701\" src=\"http:\/\/palekastro.pl\/wp-content\/uploads\/2021\/05\/DSC_0873-scaled-e1621527115624-1024x701.jpg\" alt=\"\" class=\"wp-image-1284\" srcset=\"https:\/\/palekastro.pl\/wp-content\/uploads\/2021\/05\/DSC_0873-scaled-e1621527115624-1024x701.jpg 1024w, https:\/\/palekastro.pl\/wp-content\/uploads\/2021\/05\/DSC_0873-scaled-e1621527115624-300x205.jpg 300w, https:\/\/palekastro.pl\/wp-content\/uploads\/2021\/05\/DSC_0873-scaled-e1621527115624-768x525.jpg 768w, https:\/\/palekastro.pl\/wp-content\/uploads\/2021\/05\/DSC_0873-scaled-e1621527115624-1536x1051.jpg 1536w, https:\/\/palekastro.pl\/wp-content\/uploads\/2021\/05\/DSC_0873-scaled-e1621527115624-2048x1401.jpg 2048w\" sizes=\"(max-width: 1024px) 100vw, 1024px\" \/><\/figure><\/div>\n\n\n\n<div class=\"wp-block-buttons is-content-justification-center\">\n<div class=\"wp-block-button\"><a class=\"wp-block-button__link\" href=\"https:\/\/palekastro.pl\/index.php\/attractions-palekastro-windsuring-crete\/\">ATRAKCJE <\/a><\/div>\n<\/div>\n<\/div>\n<\/div>\n","protected":false},"excerpt":{"rendered":"<p>Do\u0142\u0105cz do popo\u0142udniowych zaj\u0119\u0107 jogi na pla\u017cy. Nasza do\u015bwiadczona nauczycielka jogi i wsp\u00f3\u0142za\u0142o\u017cycielka stacji surfingowej, Davina, poprowadzi Ci\u0119 przez zaj\u0119cia Vinyasa Flow i 2 zaj\u0119cia regeneracyjne tygodniowo, koncentruj\u0105c si\u0119 na g\u0142\u0119bokim rozci\u0105ganiu. Wszyscy s\u0105 mile widziani, niezale\u017cnie od tego, czy jeste\u015b pocz\u0105tkuj\u0105cym, czy zaawansowanym joginem. Sesje jeden na jeden s\u0105 r\u00f3wnie\u017c dost\u0119pne na \u017cyczenie. Napisz&hellip;&nbsp;<a href=\"https:\/\/palekastro.pl\/index.php\/lifestyle-palekastro-windsuring-crete\/\" class=\"\" rel=\"bookmark\">Czytaj dalej &raquo;<span class=\"screen-reader-text\">lifestyle Palekastro windsuring Crete<\/span><\/a><\/p>\n","protected":false},"author":1,"featured_media":0,"parent":0,"menu_order":0,"comment_status":"closed","ping_status":"closed","template":"","meta":{"neve_meta_sidebar":"full-width","neve_meta_container":"full-width","neve_meta_enable_content_width":"on","neve_meta_content_width":100,"neve_meta_title_alignment":"","neve_meta_author_avatar":"","neve_post_elements_order":"","neve_meta_disable_header":"","neve_meta_disable_footer":"","neve_meta_disable_title":"on","_themeisle_gutenberg_block_has_review":false,"_ti_tpc_template_sync":false,"_ti_tpc_template_id":"","spay_email":""},"_links":{"self":[{"href":"https:\/\/palekastro.pl\/index.php\/wp-json\/wp\/v2\/pages\/885"}],"collection":[{"href":"https:\/\/palekastro.pl\/index.php\/wp-json\/wp\/v2\/pages"}],"about":[{"href":"https:\/\/palekastro.pl\/index.php\/wp-json\/wp\/v2\/types\/page"}],"author":[{"embeddable":true,"href":"https:\/\/palekastro.pl\/index.php\/wp-json\/wp\/v2\/users\/1"}],"replies":[{"embeddable":true,"href":"https:\/\/palekastro.pl\/index.php\/wp-json\/wp\/v2\/comments?post=885"}],"version-history":[{"count":38,"href":"https:\/\/palekastro.pl\/index.php\/wp-json\/wp\/v2\/pages\/885\/revisions"}],"predecessor-version":[{"id":2265,"href":"https:\/\/palekastro.pl\/index.php\/wp-json\/wp\/v2\/pages\/885\/revisions\/2265"}],"wp:attachment":[{"href":"https:\/\/palekastro.pl\/index.php\/wp-json\/wp\/v2\/media?parent=885"}],"curies":[{"name":"wp","href":"https:\/\/api.w.org\/{rel}","templated":true}]}}