{"id":810,"date":"2021-04-17T12:30:16","date_gmt":"2021-04-17T12:30:16","guid":{"rendered":"http:\/\/palekastro.pl\/?page_id=810"},"modified":"2021-12-29T19:11:23","modified_gmt":"2021-12-29T19:11:23","slug":"spot-palekastro-windsuring-crete","status":"publish","type":"page","link":"https:\/\/palekastro.pl\/index.php\/spot-palekastro-windsuring-crete\/","title":{"rendered":"spot Palekastro windsuring Crete"},"content":{"rendered":"\n<div class=\"wp-block-columns\">\n<div class=\"wp-block-column\" style=\"flex-basis:100%\">\n<div class=\"wp-block-columns\">\n<div class=\"wp-block-column\" style=\"flex-basis:100%\">\n<p class=\"has-nv-light-bg-background-color has-background has-medium-font-size\"><strong>Witamy w Palekastro<\/strong> \ud83e\udd19 Dlaczego warto tu by\u0107? Odpowiedzi poni\u017cej:<\/p>\n\n\n\n<figure class=\"wp-block-embed is-type-video is-provider-youtube wp-block-embed-youtube wp-embed-aspect-16-9 wp-has-aspect-ratio\"><div class=\"wp-block-embed__wrapper\">\n<div class=\"nv-iframe-embed\"><iframe loading=\"lazy\" title=\"Windsurf - Julien Mas Crete 2019\" width=\"1200\" height=\"675\" src=\"https:\/\/www.youtube.com\/embed\/XvvnET6q5uQ?feature=oembed\" frameborder=\"0\" allow=\"accelerometer; autoplay; clipboard-write; encrypted-media; gyroscope; picture-in-picture\" allowfullscreen><\/iframe><\/div>\n<\/div><\/figure>\n\n\n\n<p><\/p>\n\n\n\n<div class=\"wp-block-group has-nv-dark-bg-color has-nv-light-bg-background-color has-text-color has-background\"><div class=\"wp-block-group__inner-container\">\n<div class=\"wp-block-columns\">\n<div class=\"wp-block-column\">\n<figure class=\"wp-block-image size-large\"><img loading=\"lazy\" width=\"2560\" height=\"1704\" src=\"https:\/\/palekastro.pl\/wp-content\/uploads\/2021\/06\/shaka-rescue-edited-scaled.jpg\" alt=\"\" class=\"wp-image-1891\" srcset=\"https:\/\/palekastro.pl\/wp-content\/uploads\/2021\/06\/shaka-rescue-edited-scaled.jpg 2560w, https:\/\/palekastro.pl\/wp-content\/uploads\/2021\/06\/shaka-rescue-edited-300x200.jpg 300w, https:\/\/palekastro.pl\/wp-content\/uploads\/2021\/06\/shaka-rescue-edited-1024x682.jpg 1024w, https:\/\/palekastro.pl\/wp-content\/uploads\/2021\/06\/shaka-rescue-edited-768x511.jpg 768w, https:\/\/palekastro.pl\/wp-content\/uploads\/2021\/06\/shaka-rescue-edited-1536x1022.jpg 1536w, https:\/\/palekastro.pl\/wp-content\/uploads\/2021\/06\/shaka-rescue-edited-2048x1363.jpg 2048w, https:\/\/palekastro.pl\/wp-content\/uploads\/2021\/06\/shaka-rescue-edited-16x12.jpg 16w, https:\/\/palekastro.pl\/wp-content\/uploads\/2021\/06\/shaka-rescue-edited-930x620.jpg 930w\" sizes=\"(max-width: 2560px) 100vw, 2560px\" \/><\/figure>\n<\/div>\n\n\n\n<div class=\"wp-block-column\">\n<p class=\"has-text-align-left\">Pomimo bardzo mocnego wiatru, ze wzgl\u0119du na dominuj\u0105cy kierunek wiatru (side-shore) spot jest bardzo bezpieczny.  W odr\u00f3\u017cnieniu od spot\u00f3w off-shore gdzie ka\u017cdy walczy o wysoko\u015b\u0107, tutaj ka\u017cdy znajdzie miejsce dla siebie. Zawsze kto\u015b obserwuje wod\u0119, pod r\u0119k\u0105 s\u0105 jetski i ribb w ci\u0105g\u0142ej gotowo\u015bci.<\/p>\n\n\n\n<p>Dodatkowo nad wszystkim trzyma piecz\u0119 psi patrol. Shaka opr\u00f3cz pilnowania windsurfer\u00f3w ch\u0119tnie zaopiekuje si\u0119 ich lunchem \ud83e\udd19<\/p>\n<\/div>\n<\/div>\n<\/div><\/div>\n\n\n\n<div class=\"wp-block-columns has-background\" style=\"background-color:#a39f9f\">\n<div class=\"wp-block-column\">\n<div class=\"wp-block-image\"><figure class=\"alignleft size-large\"><img loading=\"lazy\" width=\"1024\" height=\"747\" src=\"http:\/\/palekastro.pl\/wp-content\/uploads\/2021\/06\/117767896_3363187533739398_1767120058992587816_n-e1623584819871-1024x747.jpg\" alt=\"\" class=\"wp-image-1898\" srcset=\"https:\/\/palekastro.pl\/wp-content\/uploads\/2021\/06\/117767896_3363187533739398_1767120058992587816_n-e1623584819871-1024x747.jpg 1024w, https:\/\/palekastro.pl\/wp-content\/uploads\/2021\/06\/117767896_3363187533739398_1767120058992587816_n-e1623584819871-300x219.jpg 300w, https:\/\/palekastro.pl\/wp-content\/uploads\/2021\/06\/117767896_3363187533739398_1767120058992587816_n-e1623584819871-768x560.jpg 768w, https:\/\/palekastro.pl\/wp-content\/uploads\/2021\/06\/117767896_3363187533739398_1767120058992587816_n-e1623584819871-1536x1120.jpg 1536w, https:\/\/palekastro.pl\/wp-content\/uploads\/2021\/06\/117767896_3363187533739398_1767120058992587816_n-e1623584819871-16x12.jpg 16w, https:\/\/palekastro.pl\/wp-content\/uploads\/2021\/06\/117767896_3363187533739398_1767120058992587816_n-e1623584819871.jpg 1587w\" sizes=\"(max-width: 1024px) 100vw, 1024px\" \/><\/figure><\/div>\n<\/div>\n\n\n\n<div class=\"wp-block-column\">\n<p>Wsch\u00f3d Krety znajduje si\u0119 w samym centrum wiatru termicznego o nazwie Meltemi, kt\u00f3ry w lecie wieje przez ca\u0142y dzie\u0144. To najlepszy okres dla chc\u0105cych &#8222;op\u0142ywa\u0107&#8221; mniejsze deski ni\u017c dotychczas u\u017cywane.<\/p>\n\n\n\n<p><\/p>\n\n\n\n<p>Niemo\u017cliwe staje si\u0119 prawdziwe.<\/p>\n<\/div>\n<\/div>\n<\/div>\n<\/div>\n\n\n\n<div class=\"wp-block-columns\">\n<div class=\"wp-block-column\" style=\"flex-basis:100%\">\n<div class=\"wp-block-columns\">\n<div class=\"wp-block-column\" style=\"flex-basis:66.66%\">\n<figure class=\"wp-block-image size-large is-resized\"><img loading=\"lazy\" src=\"https:\/\/palekastro.pl\/wp-content\/uploads\/2021\/06\/IMG_0666-edited-scaled.jpg\" alt=\"\" class=\"wp-image-2069\" width=\"445\" height=\"465\"\/><\/figure>\n\n\n\n<figure class=\"wp-block-image size-large is-resized\"><img loading=\"lazy\" src=\"http:\/\/palekastro.pl\/wp-content\/uploads\/2021\/04\/DSC_0438-1024x578.jpg\" alt=\"\" class=\"wp-image-832\" width=\"444\" height=\"250\" srcset=\"https:\/\/palekastro.pl\/wp-content\/uploads\/2021\/04\/DSC_0438-1024x578.jpg 1024w, https:\/\/palekastro.pl\/wp-content\/uploads\/2021\/04\/DSC_0438-300x169.jpg 300w, https:\/\/palekastro.pl\/wp-content\/uploads\/2021\/04\/DSC_0438-768x433.jpg 768w, https:\/\/palekastro.pl\/wp-content\/uploads\/2021\/04\/DSC_0438-1536x867.jpg 1536w, https:\/\/palekastro.pl\/wp-content\/uploads\/2021\/04\/DSC_0438-2048x1155.jpg 2048w\" sizes=\"(max-width: 444px) 100vw, 444px\" \/><\/figure>\n<\/div>\n\n\n\n<div class=\"wp-block-column\" style=\"flex-basis:33.33%\">\n<p class=\"has-text-align-left\">Wrzesie\u0144, pa\u017adziernik s\u0105 chyba najprzyjemniejszymi miesi\u0105cami do pobytu na greckich wyspach. S\u0105 szczeg\u00f3lnie polecane dla pocz\u0105tkuj\u0105cych windsurfer\u00f3w. S\u0142absza si\u0142a wiatru, komfortowa temperatura powietrza i wody sprzyja szybkim post\u0119pom.<\/p>\n\n\n\n<p>W przerwie lub po p\u0142ywaniu mo\u017cemy odzyska\u0107 si\u0142y na pla\u017cy w zacienionych przez drzewa miejscach \ud83d\ude42 <\/p>\n\n\n\n<p>Wschodnia cz\u0119\u015b\u0107 Krety, a zw\u0142aszcza tereny sporo oddalone od Heraklionu pozostaj\u0105 spokojnym azylem od zat\u0142oczonych miast. Dostanie si\u0119 tutaj nie jest \u0142atwe, ale sam pobyt wynagrodzi trud.<\/p>\n<\/div>\n<\/div>\n<\/div>\n<\/div>\n<\/div>\n<\/div>\n\n\n\n<div class=\"wp-block-columns has-nv-light-bg-background-color has-background\">\n<div class=\"wp-block-column\">\n<p class=\"has-text-align-center\" style=\"font-size:23px\"><strong>Dlatego WARTO<\/strong> <\/p>\n<\/div>\n<\/div>\n","protected":false},"excerpt":{"rendered":"<p>Witamy w Palekastro \ud83e\udd19 Dlaczego warto tu by\u0107? Odpowiedzi poni\u017cej: Pomimo bardzo mocnego wiatru, ze wzgl\u0119du na dominuj\u0105cy kierunek wiatru (side-shore) spot jest bardzo bezpieczny. W odr\u00f3\u017cnieniu od spot\u00f3w off-shore gdzie ka\u017cdy walczy o wysoko\u015b\u0107, tutaj ka\u017cdy znajdzie miejsce dla siebie. Zawsze kto\u015b obserwuje wod\u0119, pod r\u0119k\u0105 s\u0105 jetski i ribb w ci\u0105g\u0142ej gotowo\u015bci. Dodatkowo&hellip;&nbsp;<a href=\"https:\/\/palekastro.pl\/index.php\/spot-palekastro-windsuring-crete\/\" class=\"\" rel=\"bookmark\">Czytaj dalej &raquo;<span class=\"screen-reader-text\">spot Palekastro windsuring Crete<\/span><\/a><\/p>\n","protected":false},"author":1,"featured_media":0,"parent":0,"menu_order":0,"comment_status":"closed","ping_status":"closed","template":"","meta":{"neve_meta_sidebar":"full-width","neve_meta_container":"contained","neve_meta_enable_content_width":"on","neve_meta_content_width":80,"neve_meta_title_alignment":"","neve_meta_author_avatar":"","neve_post_elements_order":"","neve_meta_disable_header":"","neve_meta_disable_footer":"","neve_meta_disable_title":"on","_themeisle_gutenberg_block_has_review":false,"_ti_tpc_template_sync":false,"_ti_tpc_template_id":"","spay_email":""},"_links":{"self":[{"href":"https:\/\/palekastro.pl\/index.php\/wp-json\/wp\/v2\/pages\/810"}],"collection":[{"href":"https:\/\/palekastro.pl\/index.php\/wp-json\/wp\/v2\/pages"}],"about":[{"href":"https:\/\/palekastro.pl\/index.php\/wp-json\/wp\/v2\/types\/page"}],"author":[{"embeddable":true,"href":"https:\/\/palekastro.pl\/index.php\/wp-json\/wp\/v2\/users\/1"}],"replies":[{"embeddable":true,"href":"https:\/\/palekastro.pl\/index.php\/wp-json\/wp\/v2\/comments?post=810"}],"version-history":[{"count":75,"href":"https:\/\/palekastro.pl\/index.php\/wp-json\/wp\/v2\/pages\/810\/revisions"}],"predecessor-version":[{"id":2263,"href":"https:\/\/palekastro.pl\/index.php\/wp-json\/wp\/v2\/pages\/810\/revisions\/2263"}],"wp:attachment":[{"href":"https:\/\/palekastro.pl\/index.php\/wp-json\/wp\/v2\/media?parent=810"}],"curies":[{"name":"wp","href":"https:\/\/api.w.org\/{rel}","templated":true}]}}