{"id":1649,"date":"2021-06-01T17:00:54","date_gmt":"2021-06-01T17:00:54","guid":{"rendered":"https:\/\/palekastro.pl\/?page_id=1649"},"modified":"2025-08-27T09:06:31","modified_gmt":"2025-08-27T09:06:31","slug":"arrival-palekastro-windsuring-crete","status":"publish","type":"page","link":"https:\/\/palekastro.pl\/index.php\/arrival-palekastro-windsuring-crete\/","title":{"rendered":"arrival Palekastro windsuring Crete"},"content":{"rendered":"\n<div class=\"wp-block-columns\">\n<div class=\"wp-block-column\" style=\"flex-basis:100%\">\n<div class=\"wp-block-themeisle-blocks-advanced-columns has-1-columns has-desktop-equal-layout has-tablet-equal-layout has-mobile-equal-layout has-default-gap has-vertical-unset\" id=\"wp-block-themeisle-blocks-advanced-columns-57bfff3f\"><div class=\"wp-block-themeisle-blocks-advanced-columns-overlay\"><\/div><div class=\"innerblocks-wrap\">\n<div class=\"wp-block-themeisle-blocks-advanced-column\" id=\"wp-block-themeisle-blocks-advanced-column-4556b20a\">\n<div class=\"wp-block-columns\">\n<div class=\"wp-block-column\">\n<div class=\"wp-block-image\"><figure class=\"aligncenter size-large is-resized\"><a href=\"https:\/\/rent-a-car-sitia-airport.gr\/\" target=\"_blank\" rel=\"noopener\"><img loading=\"lazy\" src=\"http:\/\/palekastro.pl\/wp-content\/uploads\/2021\/06\/MINOAN-TOURS-RENT-A-CAR.png\" alt=\"\" class=\"wp-image-1907\" width=\"438\" height=\"189\" srcset=\"https:\/\/palekastro.pl\/wp-content\/uploads\/2021\/06\/MINOAN-TOURS-RENT-A-CAR.png 876w, https:\/\/palekastro.pl\/wp-content\/uploads\/2021\/06\/MINOAN-TOURS-RENT-A-CAR-300x129.png 300w, https:\/\/palekastro.pl\/wp-content\/uploads\/2021\/06\/MINOAN-TOURS-RENT-A-CAR-768x331.png 768w, https:\/\/palekastro.pl\/wp-content\/uploads\/2021\/06\/MINOAN-TOURS-RENT-A-CAR-16x7.png 16w\" sizes=\"(max-width: 438px) 100vw, 438px\" \/><\/a><\/figure><\/div>\n<\/div>\n<\/div>\n<\/div>\n<\/div><\/div>\n<\/div>\n<\/div>\n\n\n\n<div class=\"wp-block-columns has-neve-link-color-color has-nv-light-bg-background-color has-text-color has-background\">\n<div class=\"wp-block-column\" style=\"flex-basis:100%\">\n<p style=\"font-size:18px\">&#8211; przelot do Heraklionu (HER), po wyl\u0105dowaniu 130km drog\u0105 do Palekastro   <\/p>\n\n\n\n<p style=\"font-size:18px\">&#8211; przelot do Sitia : czarterowy lot <a href=\"https:\/\/flights.itaka.pl\/charter-flights?departureRegion=katowice&amp;arrivalRegion=kreta-sitia-city&amp;adults=1&amp;youths=0&amp;children=0&amp;infants=0&amp;direction=2&amp;\" data-type=\"URL\" data-id=\"https:\/\/flights.itaka.pl\/charter-flights?departureRegion=katowice&amp;arrivalRegion=kreta-sitia-city&amp;adults=1&amp;youths=0&amp;children=0&amp;infants=0&amp;direction=2&amp;\" target=\"_blank\" rel=\"noreferrer noopener\">ITAKA<\/a> z Katowice (KTW) do Sitia (JSH). Z lotniska w Sitii zostaje drog\u0105 tylko 20km. <\/p>\n\n\n\n<p style=\"font-size:18px\">&#8211; po wyl\u0105dowaniu w Atenach, je\u017celi chcieliby\u015bcie pozna\u0107 staro\u017cytn\u0105 kultur\u0119 mo\u017cecie potem kontynuowa\u0107 podr\u00f3\u017c promem na Kret\u0119  ( Heraklion, Sitia, Chania )<\/p>\n\n\n\n<p style=\"font-size:18px\">&#8211; dla planuj\u0105cych d\u0142uuuuuuugie wakacje: samochodem do Pireusu i prom <\/p>\n\n\n\n<p><\/p>\n<\/div>\n<\/div>\n\n\n\n<div class=\"wp-block-columns has-background\" style=\"background-color:#c2c8cb\">\n<div class=\"wp-block-column\" style=\"flex-basis:90%\">\n<p class=\"has-medium-font-size\"><strong>Przydatne linki :<\/strong><\/p>\n\n\n\n<div class=\"wp-block-columns\">\n<div class=\"wp-block-column\">\n<figure class=\"wp-block-image size-large\"><a href=\"https:\/\/www.skyscanner.de\/\" target=\"_blank\" rel=\"noopener\"><img loading=\"lazy\" width=\"1024\" height=\"442\" src=\"http:\/\/palekastro.pl\/wp-content\/uploads\/2021\/07\/skyscanner-1024x442.png\" alt=\"\" class=\"wp-image-2136\" srcset=\"https:\/\/palekastro.pl\/wp-content\/uploads\/2021\/07\/skyscanner-1024x442.png 1024w, https:\/\/palekastro.pl\/wp-content\/uploads\/2021\/07\/skyscanner-300x130.png 300w, https:\/\/palekastro.pl\/wp-content\/uploads\/2021\/07\/skyscanner-768x332.png 768w, https:\/\/palekastro.pl\/wp-content\/uploads\/2021\/07\/skyscanner-1536x663.png 1536w, https:\/\/palekastro.pl\/wp-content\/uploads\/2021\/07\/skyscanner-2048x884.png 2048w, https:\/\/palekastro.pl\/wp-content\/uploads\/2021\/07\/skyscanner-16x7.png 16w\" sizes=\"(max-width: 1024px) 100vw, 1024px\" \/><\/a><\/figure>\n<\/div>\n\n\n\n<div class=\"wp-block-column\">\n<figure class=\"wp-block-image size-large\"><a href=\"https:\/\/rent-a-car-sitia-airport.gr\/sitia-car-rental\/\" target=\"_blank\" rel=\"noopener\"><img loading=\"lazy\" width=\"876\" height=\"378\" src=\"http:\/\/palekastro.pl\/wp-content\/uploads\/2021\/06\/MINOAN-TOURS-RENT-A-CAR.png\" alt=\"\" class=\"wp-image-1907\" srcset=\"https:\/\/palekastro.pl\/wp-content\/uploads\/2021\/06\/MINOAN-TOURS-RENT-A-CAR.png 876w, https:\/\/palekastro.pl\/wp-content\/uploads\/2021\/06\/MINOAN-TOURS-RENT-A-CAR-300x129.png 300w, https:\/\/palekastro.pl\/wp-content\/uploads\/2021\/06\/MINOAN-TOURS-RENT-A-CAR-768x331.png 768w, https:\/\/palekastro.pl\/wp-content\/uploads\/2021\/06\/MINOAN-TOURS-RENT-A-CAR-16x7.png 16w\" sizes=\"(max-width: 876px) 100vw, 876px\" \/><\/a><\/figure>\n<\/div>\n<\/div>\n\n\n\n<div class=\"wp-block-columns\">\n<div class=\"wp-block-column\">\n<figure class=\"wp-block-image size-large\"><a href=\"https:\/\/wizzair.com\/pl-pl#\/\" target=\"_blank\" rel=\"noopener\"><img loading=\"lazy\" width=\"1024\" height=\"443\" src=\"http:\/\/palekastro.pl\/wp-content\/uploads\/2021\/06\/WIZZAIR-1024x443.png\" alt=\"\" class=\"wp-image-1904\" srcset=\"https:\/\/palekastro.pl\/wp-content\/uploads\/2021\/06\/WIZZAIR-1024x443.png 1024w, https:\/\/palekastro.pl\/wp-content\/uploads\/2021\/06\/WIZZAIR-300x130.png 300w, https:\/\/palekastro.pl\/wp-content\/uploads\/2021\/06\/WIZZAIR-768x332.png 768w, https:\/\/palekastro.pl\/wp-content\/uploads\/2021\/06\/WIZZAIR-1536x664.png 1536w, https:\/\/palekastro.pl\/wp-content\/uploads\/2021\/06\/WIZZAIR-2048x886.png 2048w, https:\/\/palekastro.pl\/wp-content\/uploads\/2021\/06\/WIZZAIR-16x7.png 16w\" sizes=\"(max-width: 1024px) 100vw, 1024px\" \/><\/a><\/figure>\n\n\n\n<figure class=\"wp-block-image size-large\"><a href=\"https:\/\/www.tui.pl\/zaawansowana-wyszukiwarka-lotow?q=:price:byPlane:T:dF:6:dT:14:ctAdult:2:ctChild:0:tripType:CZ&amp;fullPrice=false?pm_source=MENU&amp;pm_name=Bilety_czarterowe\" target=\"_blank\" rel=\"noopener\"><img loading=\"lazy\" width=\"1024\" height=\"442\" src=\"http:\/\/palekastro.pl\/wp-content\/uploads\/2021\/06\/TUI-1024x442.png\" alt=\"\" class=\"wp-image-1906\" srcset=\"https:\/\/palekastro.pl\/wp-content\/uploads\/2021\/06\/TUI-1024x442.png 1024w, https:\/\/palekastro.pl\/wp-content\/uploads\/2021\/06\/TUI-300x129.png 300w, https:\/\/palekastro.pl\/wp-content\/uploads\/2021\/06\/TUI-768x331.png 768w, https:\/\/palekastro.pl\/wp-content\/uploads\/2021\/06\/TUI-16x7.png 16w, https:\/\/palekastro.pl\/wp-content\/uploads\/2021\/06\/TUI.png 1416w\" sizes=\"(max-width: 1024px) 100vw, 1024px\" \/><\/a><\/figure>\n\n\n\n<figure class=\"wp-block-image size-large\"><a href=\"https:\/\/www.minoan.gr\/en\/crete\" target=\"_blank\" rel=\"noopener\"><img loading=\"lazy\" width=\"652\" height=\"228\" src=\"http:\/\/palekastro.pl\/wp-content\/uploads\/2021\/06\/MINOAN.png\" alt=\"\" class=\"wp-image-1908\" srcset=\"https:\/\/palekastro.pl\/wp-content\/uploads\/2021\/06\/MINOAN.png 652w, https:\/\/palekastro.pl\/wp-content\/uploads\/2021\/06\/MINOAN-300x105.png 300w, https:\/\/palekastro.pl\/wp-content\/uploads\/2021\/06\/MINOAN-16x6.png 16w\" sizes=\"(max-width: 652px) 100vw, 652px\" \/><\/a><\/figure>\n<\/div>\n\n\n\n<div class=\"wp-block-column\">\n<figure class=\"wp-block-image size-large\"><a href=\"https:\/\/en.aegeanair.com\/?GS&amp;gclid=CjwKCAjw2ZaGBhBoEiwA8pfP_lG3I87AvxryI-T0yuPt_ebr-L4HSvwP84EbY2bs2255pwBgGWjBvxoCqugQAvD_BwE\" target=\"_blank\" rel=\"noopener\"><img loading=\"lazy\" width=\"1024\" height=\"442\" src=\"http:\/\/palekastro.pl\/wp-content\/uploads\/2021\/06\/AEGAN-1024x442.png\" alt=\"\" class=\"wp-image-1911\" srcset=\"https:\/\/palekastro.pl\/wp-content\/uploads\/2021\/06\/AEGAN-1024x442.png 1024w, https:\/\/palekastro.pl\/wp-content\/uploads\/2021\/06\/AEGAN-300x130.png 300w, https:\/\/palekastro.pl\/wp-content\/uploads\/2021\/06\/AEGAN-768x332.png 768w, https:\/\/palekastro.pl\/wp-content\/uploads\/2021\/06\/AEGAN-1536x663.png 1536w, https:\/\/palekastro.pl\/wp-content\/uploads\/2021\/06\/AEGAN-2048x884.png 2048w, https:\/\/palekastro.pl\/wp-content\/uploads\/2021\/06\/AEGAN-16x7.png 16w\" sizes=\"(max-width: 1024px) 100vw, 1024px\" \/><\/a><\/figure>\n\n\n\n<figure class=\"wp-block-image size-large\"><a href=\"https:\/\/biletylotnicze.itaka.pl\/\" target=\"_blank\" rel=\"noopener\"><img loading=\"lazy\" width=\"1024\" height=\"442\" src=\"http:\/\/palekastro.pl\/wp-content\/uploads\/2021\/06\/ITAKA-1024x442.png\" alt=\"\" class=\"wp-image-1910\" srcset=\"https:\/\/palekastro.pl\/wp-content\/uploads\/2021\/06\/ITAKA-1024x442.png 1024w, https:\/\/palekastro.pl\/wp-content\/uploads\/2021\/06\/ITAKA-300x130.png 300w, https:\/\/palekastro.pl\/wp-content\/uploads\/2021\/06\/ITAKA-768x332.png 768w, https:\/\/palekastro.pl\/wp-content\/uploads\/2021\/06\/ITAKA-1536x663.png 1536w, https:\/\/palekastro.pl\/wp-content\/uploads\/2021\/06\/ITAKA-2048x885.png 2048w, https:\/\/palekastro.pl\/wp-content\/uploads\/2021\/06\/ITAKA-16x7.png 16w\" sizes=\"(max-width: 1024px) 100vw, 1024px\" \/><\/a><\/figure>\n\n\n\n<figure class=\"wp-block-image size-large\"><a href=\"https:\/\/www.anek.gr\/en\/?gclid=CjwKCAjw2ZaGBhBoEiwA8pfP_gcwKxBwhkCHX4uK1x6Wi0KUgDZWQipsI2NvFr2IRCg7pUuovlT5vRoCy4MQAvD_BwE\" target=\"_blank\" rel=\"noopener\"><img loading=\"lazy\" width=\"952\" height=\"411\" src=\"http:\/\/palekastro.pl\/wp-content\/uploads\/2021\/06\/ANEK-LINES.png\" alt=\"\" class=\"wp-image-1912\" srcset=\"https:\/\/palekastro.pl\/wp-content\/uploads\/2021\/06\/ANEK-LINES.png 952w, https:\/\/palekastro.pl\/wp-content\/uploads\/2021\/06\/ANEK-LINES-300x130.png 300w, https:\/\/palekastro.pl\/wp-content\/uploads\/2021\/06\/ANEK-LINES-768x332.png 768w, https:\/\/palekastro.pl\/wp-content\/uploads\/2021\/06\/ANEK-LINES-16x7.png 16w\" sizes=\"(max-width: 952px) 100vw, 952px\" \/><\/a><\/figure>\n<\/div>\n\n\n\n<div class=\"wp-block-column\">\n<figure class=\"wp-block-image size-large\"><a href=\"https:\/\/www.ryanair.com\/pl\/pl\" target=\"_blank\" rel=\"noopener\"><img loading=\"lazy\" width=\"1024\" height=\"442\" src=\"http:\/\/palekastro.pl\/wp-content\/uploads\/2021\/06\/RYANAIR-1024x442.png\" alt=\"\" class=\"wp-image-1905\" srcset=\"https:\/\/palekastro.pl\/wp-content\/uploads\/2021\/06\/RYANAIR-1024x442.png 1024w, https:\/\/palekastro.pl\/wp-content\/uploads\/2021\/06\/RYANAIR-300x129.png 300w, https:\/\/palekastro.pl\/wp-content\/uploads\/2021\/06\/RYANAIR-768x332.png 768w, https:\/\/palekastro.pl\/wp-content\/uploads\/2021\/06\/RYANAIR-1536x663.png 1536w, https:\/\/palekastro.pl\/wp-content\/uploads\/2021\/06\/RYANAIR-2048x884.png 2048w, https:\/\/palekastro.pl\/wp-content\/uploads\/2021\/06\/RYANAIR-16x7.png 16w\" sizes=\"(max-width: 1024px) 100vw, 1024px\" \/><\/a><\/figure>\n\n\n\n<figure class=\"wp-block-image size-large\"><a href=\"https:\/\/biletyczarterowe.r.pl\/\" target=\"_blank\" rel=\"noopener\"><img loading=\"lazy\" width=\"964\" height=\"416\" src=\"http:\/\/palekastro.pl\/wp-content\/uploads\/2021\/06\/RAINBOW.png\" alt=\"\" class=\"wp-image-1909\" srcset=\"https:\/\/palekastro.pl\/wp-content\/uploads\/2021\/06\/RAINBOW.png 964w, https:\/\/palekastro.pl\/wp-content\/uploads\/2021\/06\/RAINBOW-300x129.png 300w, https:\/\/palekastro.pl\/wp-content\/uploads\/2021\/06\/RAINBOW-768x331.png 768w, https:\/\/palekastro.pl\/wp-content\/uploads\/2021\/06\/RAINBOW-16x7.png 16w\" sizes=\"(max-width: 964px) 100vw, 964px\" \/><\/a><\/figure>\n<\/div>\n<\/div>\n<\/div>\n<\/div>\n\n\n\n<p><\/p>\n","protected":false},"excerpt":{"rendered":"<p>&#8211; przelot do Heraklionu (HER), po wyl\u0105dowaniu 130km drog\u0105 do Palekastro &#8211; przelot do Sitia : czarterowy lot ITAKA z Katowice (KTW) do Sitia (JSH). Z lotniska w Sitii zostaje drog\u0105 tylko 20km. &#8211; po wyl\u0105dowaniu w Atenach, je\u017celi chcieliby\u015bcie pozna\u0107 staro\u017cytn\u0105 kultur\u0119 mo\u017cecie potem kontynuowa\u0107 podr\u00f3\u017c promem na Kret\u0119 ( Heraklion, Sitia, Chania )&hellip;&nbsp;<a href=\"https:\/\/palekastro.pl\/index.php\/arrival-palekastro-windsuring-crete\/\" class=\"\" rel=\"bookmark\">Czytaj dalej &raquo;<span class=\"screen-reader-text\">arrival Palekastro windsuring Crete<\/span><\/a><\/p>\n","protected":false},"author":1,"featured_media":0,"parent":0,"menu_order":0,"comment_status":"closed","ping_status":"closed","template":"","meta":{"neve_meta_sidebar":"full-width","neve_meta_container":"","neve_meta_enable_content_width":"on","neve_meta_content_width":100,"neve_meta_title_alignment":"","neve_meta_author_avatar":"","neve_post_elements_order":"","neve_meta_disable_header":"off","neve_meta_disable_footer":"","neve_meta_disable_title":"on","_themeisle_gutenberg_block_has_review":false,"_ti_tpc_template_sync":false,"_ti_tpc_template_id":"","spay_email":""},"_links":{"self":[{"href":"https:\/\/palekastro.pl\/index.php\/wp-json\/wp\/v2\/pages\/1649"}],"collection":[{"href":"https:\/\/palekastro.pl\/index.php\/wp-json\/wp\/v2\/pages"}],"about":[{"href":"https:\/\/palekastro.pl\/index.php\/wp-json\/wp\/v2\/types\/page"}],"author":[{"embeddable":true,"href":"https:\/\/palekastro.pl\/index.php\/wp-json\/wp\/v2\/users\/1"}],"replies":[{"embeddable":true,"href":"https:\/\/palekastro.pl\/index.php\/wp-json\/wp\/v2\/comments?post=1649"}],"version-history":[{"count":32,"href":"https:\/\/palekastro.pl\/index.php\/wp-json\/wp\/v2\/pages\/1649\/revisions"}],"predecessor-version":[{"id":2531,"href":"https:\/\/palekastro.pl\/index.php\/wp-json\/wp\/v2\/pages\/1649\/revisions\/2531"}],"wp:attachment":[{"href":"https:\/\/palekastro.pl\/index.php\/wp-json\/wp\/v2\/media?parent=1649"}],"curies":[{"name":"wp","href":"https:\/\/api.w.org\/{rel}","templated":true}]}}