{"id":1206,"date":"2021-05-06T17:58:01","date_gmt":"2021-05-06T17:58:01","guid":{"rendered":"http:\/\/palekastro.pl\/?page_id=1206"},"modified":"2021-06-14T09:49:33","modified_gmt":"2021-06-14T09:49:33","slug":"restauracje","status":"publish","type":"page","link":"https:\/\/palekastro.pl\/index.php\/restauracje\/","title":{"rendered":"Surf Beach Bar"},"content":{"rendered":"\n<div class=\"wp-block-buttons\"><\/div>\n\n\n\n<div class=\"wp-block-columns has-nv-light-bg-background-color has-background\">\n<div class=\"wp-block-column\">\n<div id=\"wp-block-themeisle-blocks-slider-c1da117e\" class=\"wp-block-themeisle-blocks-slider glide\" data-per-view=\"1\" data-gap=\"0\" data-peek=\"0\" data-autoplay=\"3000\" data-height=\"460px\" data-hide-arrows=\"false\"><div class=\"glide__track\" data-glide-el=\"track\"><div class=\"glide__slides\"><div class=\"wp-block-themeisle-blocks-slider-item-wrapper glide__slide\" tabindex=\"0\"><figure><img class=\"wp-block-themeisle-blocks-slider-item\" src=\"http:\/\/palekastro.pl\/wp-content\/uploads\/2021\/05\/Bar1.jpg\" alt=\"\" title=\"\" data-id=\"1342\"\/><\/figure><\/div><div class=\"wp-block-themeisle-blocks-slider-item-wrapper glide__slide\" tabindex=\"0\"><figure><img class=\"wp-block-themeisle-blocks-slider-item\" src=\"http:\/\/palekastro.pl\/wp-content\/uploads\/2021\/05\/Bar2.jpg\" alt=\"\" title=\"\" data-id=\"1343\"\/><\/figure><\/div><div class=\"wp-block-themeisle-blocks-slider-item-wrapper glide__slide\" tabindex=\"0\"><figure><img class=\"wp-block-themeisle-blocks-slider-item\" src=\"http:\/\/palekastro.pl\/wp-content\/uploads\/2021\/05\/Bar3.jpg\" alt=\"\" title=\"\" data-id=\"1344\"\/><\/figure><\/div><\/div><div class=\"glide__bullets\" data-glide-el=\"controls[nav]\"><button class=\"glide__bullet\" data-glide-dir=\"=0\"><\/button><button class=\"glide__bullet\" data-glide-dir=\"=1\"><\/button><button class=\"glide__bullet\" data-glide-dir=\"=2\"><\/button><\/div><\/div><\/div>\n<\/div>\n\n\n\n<div class=\"wp-block-column is-vertically-aligned-center\">\n<h2><a href=\"https:\/\/www.surfbeachapts.gr\/beach-bar\" data-type=\"URL\" data-id=\"https:\/\/www.surfbeachapts.gr\/beach-bar\" target=\"_blank\" rel=\"noreferrer noopener\">Surf Beach Bar<\/a><\/h2>\n\n\n\n<p>Usytuowany bezpo\u015brednio na pla\u017cy Kouremenos, granicz\u0105cy z nasz\u0105 stacj\u0105. Popijaj\u0105c sch\u0142odzone drinki mo\u017cemy obserwowa\u0107 popisy deskarzy na wodzie. Chilloutowa muzyka, surferski klimat wprowadz\u0105 nas w sielank\u0119. <\/p>\n\n\n\n<p>U Georga mo\u017cna te\u017c wynaj\u0105\u0107 le\u017caki.<\/p>\n<\/div>\n<\/div>\n","protected":false},"excerpt":{"rendered":"<p>Surf Beach Bar Usytuowany bezpo\u015brednio na pla\u017cy Kouremenos, granicz\u0105cy z nasz\u0105 stacj\u0105. Popijaj\u0105c sch\u0142odzone drinki mo\u017cemy obserwowa\u0107 popisy deskarzy na wodzie. Chilloutowa muzyka, surferski klimat wprowadz\u0105 nas w sielank\u0119. U Georga mo\u017cna te\u017c wynaj\u0105\u0107 le\u017caki.<\/p>\n","protected":false},"author":3,"featured_media":0,"parent":0,"menu_order":0,"comment_status":"closed","ping_status":"closed","template":"","meta":{"neve_meta_sidebar":"full-width","neve_meta_container":"full-width","neve_meta_enable_content_width":"on","neve_meta_content_width":96,"neve_meta_title_alignment":"","neve_meta_author_avatar":"","neve_post_elements_order":"","neve_meta_disable_header":"","neve_meta_disable_footer":"","neve_meta_disable_title":"on","_themeisle_gutenberg_block_has_review":false,"_ti_tpc_template_sync":false,"_ti_tpc_template_id":"","spay_email":""},"_links":{"self":[{"href":"https:\/\/palekastro.pl\/index.php\/wp-json\/wp\/v2\/pages\/1206"}],"collection":[{"href":"https:\/\/palekastro.pl\/index.php\/wp-json\/wp\/v2\/pages"}],"about":[{"href":"https:\/\/palekastro.pl\/index.php\/wp-json\/wp\/v2\/types\/page"}],"author":[{"embeddable":true,"href":"https:\/\/palekastro.pl\/index.php\/wp-json\/wp\/v2\/users\/3"}],"replies":[{"embeddable":true,"href":"https:\/\/palekastro.pl\/index.php\/wp-json\/wp\/v2\/comments?post=1206"}],"version-history":[{"count":31,"href":"https:\/\/palekastro.pl\/index.php\/wp-json\/wp\/v2\/pages\/1206\/revisions"}],"predecessor-version":[{"id":1989,"href":"https:\/\/palekastro.pl\/index.php\/wp-json\/wp\/v2\/pages\/1206\/revisions\/1989"}],"wp:attachment":[{"href":"https:\/\/palekastro.pl\/index.php\/wp-json\/wp\/v2\/media?parent=1206"}],"curies":[{"name":"wp","href":"https:\/\/api.w.org\/{rel}","templated":true}]}}