{"id":5,"date":"2020-01-13T11:17:52","date_gmt":"2020-01-13T11:17:52","guid":{"rendered":"https:\/\/demosites.io\/web-agency-gb\/?page_id=5"},"modified":"2025-08-30T05:07:07","modified_gmt":"2025-08-30T05:07:07","slug":"15c42-web-agency-gb-home","status":"publish","type":"page","link":"https:\/\/palekastro.pl\/en\/","title":{"rendered":"home Palekastro windsuring Crete"},"content":{"rendered":"<div class=\"wp-block-group\"><div class=\"wp-block-group__inner-container\">\n<div class=\"wp-block-columns\">\n<div class=\"wp-block-column\" style=\"flex-basis:100%\">\n<figure class=\"wp-block-image alignfull size-full is-style-\"><img loading=\"lazy\" width=\"2560\" height=\"1439\" src=\"https:\/\/palekastro.pl\/wp-content\/uploads\/2023\/02\/GPTempDownload-edited-scaled.jpg\" alt=\"\" class=\"wp-image-2359\" srcset=\"https:\/\/palekastro.pl\/wp-content\/uploads\/2023\/02\/GPTempDownload-edited-scaled.jpg 2560w, https:\/\/palekastro.pl\/wp-content\/uploads\/2023\/02\/GPTempDownload-edited-300x169.jpg 300w, https:\/\/palekastro.pl\/wp-content\/uploads\/2023\/02\/GPTempDownload-edited-1024x576.jpg 1024w, https:\/\/palekastro.pl\/wp-content\/uploads\/2023\/02\/GPTempDownload-edited-768x432.jpg 768w, https:\/\/palekastro.pl\/wp-content\/uploads\/2023\/02\/GPTempDownload-edited-1536x863.jpg 1536w, https:\/\/palekastro.pl\/wp-content\/uploads\/2023\/02\/GPTempDownload-edited-2048x1151.jpg 2048w, https:\/\/palekastro.pl\/wp-content\/uploads\/2023\/02\/GPTempDownload-edited-18x10.jpg 18w\" sizes=\"(max-width: 2560px) 100vw, 2560px\" \/><\/figure>\n\n\n\n<p><\/p>\n<\/div>\n<\/div>\n<\/div><\/div>\n\n\n\n<div class=\"wp-block-columns\">\n<div class=\"wp-block-column\">\n<h3 class=\"has-text-align-center has-neve-text-color-color has-text-color\">Choose the newest gear<\/h3>\n\n\n\n<h3 class=\"has-text-align-center has-neve-text-color-color has-text-color\">        z kolekcji <span style=\"color:#68216f\" class=\"has-inline-color\">2025<\/span><\/h3>\n\n\n\n<p><\/p>\n\n\n\n<p class=\"has-text-align-center\">WING Foil <strong>JP<\/strong>, <strong>NEIL PRYDE<\/strong>,  <strong>JP<\/strong>, <strong>ENSIS<\/strong><\/p>\n\n\n\n<p class=\"has-text-align-center\"> Boards <strong>JP<\/strong> and sails <strong>NEIL PRYDE<\/strong> <\/p>\n\n\n\n<div style=\"height:20px\" aria-hidden=\"true\" class=\"wp-block-spacer\"><\/div>\n<\/div>\n\n\n\n<div class=\"wp-block-column is-vertically-aligned-top\">\n<h3 class=\"alignfull has-text-align-center has-neve-text-color-color has-text-color\">Training tailored to <\/h3>\n\n\n\n<h3 class=\"alignfull has-text-align-center has-neve-text-color-color has-text-color\">your needs<\/h3>\n\n\n\n<p><\/p>\n\n\n\n<p class=\"has-text-align-center\">Your engagement and over a decade of our experience guarantee your progress. <\/p>\n\n\n\n<div style=\"height:20px\" aria-hidden=\"true\" class=\"wp-block-spacer\"><\/div>\n<\/div>\n\n\n\n<div class=\"wp-block-column\">\n<h3 class=\"has-text-align-center has-neve-text-color-color has-text-color\">Daily strong winds provide <\/h3>\n\n\n\n<h3 class=\"has-text-align-center has-neve-text-color-color has-text-color\">excellent conditions <\/h3>\n\n\n\n<p><\/p>\n\n\n\n<p class=\"has-text-align-center\">The wind statistics for Palekastro from mid-June to mid-September speak for themselves. <\/p>\n\n\n\n<p><\/p>\n\n\n\n<div style=\"height:20px\" aria-hidden=\"true\" class=\"wp-block-spacer\"><\/div>\n<\/div>\n<\/div>\n\n\n\n<div class=\"wp-block-cover alignfull has-nv-light-bg-background-color has-background-dim\" style=\"min-height:600px\"><div class=\"wp-block-cover__inner-container\">\n<div class=\"wp-block-group\"><div class=\"wp-block-group__inner-container\">\n<div style=\"height:80px\" aria-hidden=\"true\" class=\"wp-block-spacer\"><\/div>\n\n\n\n<div class=\"wp-block-columns\">\n<div class=\"wp-block-column is-vertically-aligned-bottom\" style=\"flex-basis:50%\">\n<div id=\"wp-block-themeisle-blocks-slider-c32668c4\" class=\"wp-block-themeisle-blocks-slider glide\" data-per-view=\"1\" data-gap=\"0\" data-peek=\"0\" data-autoplay=\"3000\" data-height=\"400px\" data-hide-arrows=\"true\"><div class=\"glide__track\" data-glide-el=\"track\"><div class=\"glide__slides\"><div class=\"wp-block-themeisle-blocks-slider-item-wrapper glide__slide\" tabindex=\"0\"><figure><img class=\"wp-block-themeisle-blocks-slider-item\" src=\"http:\/\/palekastro.pl\/wp-content\/uploads\/2024\/03\/JP-24.png\" alt=\"\" title=\"\" data-id=\"2478\"\/><\/figure><\/div><div class=\"wp-block-themeisle-blocks-slider-item-wrapper glide__slide\" tabindex=\"0\"><figure><img class=\"wp-block-themeisle-blocks-slider-item\" src=\"http:\/\/palekastro.pl\/wp-content\/uploads\/2023\/06\/Enisis.jpg\" alt=\"\" title=\"\" data-id=\"2432\"\/><\/figure><\/div><\/div><\/div><\/div>\n<\/div>\n\n\n\n<div class=\"wp-block-column is-vertically-aligned-center\" style=\"flex-basis:50%\">\n<h2 class=\"has-text-align-left has-neve-text-color-color has-text-color\">JP NeilPryde 2025<\/h2>\n\n\n\n<p class=\"has-text-align-left has-neve-text-color-color has-text-color\" style=\"font-size:17px\">We had prepared for you cutting-edge gear. Our boards of choice are <strong>JP FREESTYLEWAVE PRO EDITION <\/strong>the most all-around boards on the market. All rig components are  <strong>NEIL PRYDE<\/strong>. <\/p>\n\n\n\n<p class=\"has-neve-text-color-color has-text-color\" style=\"font-size:18px\">Boards and wings <strong>NEIL PRYDE<\/strong> now at our station<\/p>\n\n\n\n<div class=\"wp-block-buttons is-content-justification-left\">\n<div class=\"wp-block-button is-style-default\"><a class=\"wp-block-button__link\" href=\"https:\/\/palekastro.pl\/en\/index.php\/rental-palekastro-windsurfing-crete\/\" style=\"border-radius:2px\">Learn More About Our Gear<\/a><\/div>\n<\/div>\n<\/div>\n<\/div>\n\n\n\n<div style=\"height:40px\" aria-hidden=\"true\" class=\"wp-block-spacer\"><\/div>\n<\/div><\/div>\n<\/div><\/div>\n\n\n\n<div class=\"wp-block-cover alignfull has-nv-dark-bg-background-color has-background-dim\" style=\"min-height:600px\"><div class=\"wp-block-cover__inner-container\">\n<div class=\"wp-block-group\"><div class=\"wp-block-group__inner-container\">\n<div style=\"height:80px\" aria-hidden=\"true\" class=\"wp-block-spacer\"><\/div>\n\n\n\n<div class=\"wp-block-columns are-vertically-aligned-center\">\n<div class=\"wp-block-column is-vertically-aligned-center\" style=\"flex-basis:50%\">\n<div id=\"wp-block-themeisle-blocks-slider-afd2f197\" class=\"wp-block-themeisle-blocks-slider glide\" data-per-view=\"1\" data-gap=\"0\" data-peek=\"0\" data-autoplay=\"3000\" data-height=\"400px\" data-hide-arrows=\"true\"><div class=\"glide__track\" data-glide-el=\"track\"><div class=\"glide__slides\"><div class=\"wp-block-themeisle-blocks-slider-item-wrapper glide__slide\" tabindex=\"0\"><figure><img class=\"wp-block-themeisle-blocks-slider-item\" src=\"http:\/\/palekastro.pl\/wp-content\/uploads\/2021\/06\/funny-Rik-scaled.jpg\" alt=\"\" title=\"\" data-id=\"1672\"\/><\/figure><\/div><div class=\"wp-block-themeisle-blocks-slider-item-wrapper glide__slide\" tabindex=\"0\"><figure><img class=\"wp-block-themeisle-blocks-slider-item\" src=\"http:\/\/palekastro.pl\/wp-content\/uploads\/2021\/06\/Rik-scaled.jpg\" alt=\"\" title=\"\" data-id=\"1677\"\/><\/figure><\/div><\/div><\/div><\/div>\n<\/div>\n\n\n\n<div class=\"wp-block-column is-vertically-aligned-center\" style=\"flex-basis:50%\">\n<div style=\"height:40px\" aria-hidden=\"true\" class=\"wp-block-spacer\"><\/div>\n\n\n\n<h2 class=\"has-text-align-left has-nv-text-dark-bg-color has-text-color\">The data does not lie<\/h2>\n\n\n\n<p class=\"has-text-align-left has-nv-text-dark-bg-color has-text-color\" style=\"font-size:17px\">The long-standing wind statistics and conditions tested on our own sails guarantee strong winds throughout the summer, from dusk till dawn. <\/p>\n\n\n\n<div class=\"wp-block-buttons is-content-justification-left\">\n<div class=\"wp-block-button is-style-default\"><a class=\"wp-block-button__link has-background\" href=\"http:\/\/palekastro.pl\/en\/index.php\/spot\/\" style=\"background-color:#0273a3\">Learn more about our spot<\/a><\/div>\n<\/div>\n<\/div>\n<\/div>\n\n\n\n<div style=\"height:40px\" aria-hidden=\"true\" class=\"wp-block-spacer\"><\/div>\n<\/div><\/div>\n<\/div><\/div>\n\n\n\n<div class=\"wp-block-cover alignfull has-nv-light-bg-background-color has-background-dim\" style=\"min-height:420px\"><div class=\"wp-block-cover__inner-container\">\n<div style=\"height:80px\" aria-hidden=\"true\" class=\"wp-block-spacer\"><\/div>\n\n\n\n<div class=\"wp-block-columns\">\n<div class=\"wp-block-column ticss-4ce656f1\">\n<figure class=\"wp-block-image size-large is-resized is-style-rounded\"><img src=\"http:\/\/palekastro.pl\/wp-content\/uploads\/2021\/05\/PANA3718-1024x768.jpg\" alt=\"\" class=\"wp-image-1246\" width=\"500\" srcset=\"https:\/\/palekastro.pl\/wp-content\/uploads\/2021\/05\/PANA3718-1024x768.jpg 1024w, https:\/\/palekastro.pl\/wp-content\/uploads\/2021\/05\/PANA3718-300x225.jpg 300w, https:\/\/palekastro.pl\/wp-content\/uploads\/2021\/05\/PANA3718-768x576.jpg 768w, https:\/\/palekastro.pl\/wp-content\/uploads\/2021\/05\/PANA3718-1536x1152.jpg 1536w, https:\/\/palekastro.pl\/wp-content\/uploads\/2021\/05\/PANA3718-2048x1536.jpg 2048w\" sizes=\"(max-width: 1024px) 100vw, 1024px\" \/><\/figure>\n\n\n\n<p class=\"has-text-align-left has-neve-text-color-color has-text-color has-normal-font-size\">&#8222;<em>I have visited Palekastro twice this season already. I used boards from 99l to 119l and sails from 3,7m to 6,7m. Currently, my favourite setup is a 99l board with a 4,5m sail.<\/em> &#8222;<\/p>\n\n\n\n<p class=\"has-text-align-center has-neve-text-color-color has-text-color\">You can find the whole interview with the incredible Piotr on:<\/p>\n\n\n\n<div class=\"wp-block-image\"><figure class=\"aligncenter size-large\"><a href=\"http:\/\/sieplywa.pl\/aktualnosci\/wywiady\/10544-sierozmawia-piotr-niewidomy-windsurfer\/\" target=\"_blank\" rel=\"noopener\"><img loading=\"lazy\" width=\"400\" height=\"138\" src=\"http:\/\/palekastro.pl\/wp-content\/uploads\/2021\/06\/sieplywa-1.png\" alt=\"\" class=\"wp-image-1694\" srcset=\"https:\/\/palekastro.pl\/wp-content\/uploads\/2021\/06\/sieplywa-1.png 400w, https:\/\/palekastro.pl\/wp-content\/uploads\/2021\/06\/sieplywa-1-300x104.png 300w\" sizes=\"(max-width: 400px) 100vw, 400px\" \/><\/a><\/figure><\/div>\n\n\n\n<div style=\"height:1px\" aria-hidden=\"true\" class=\"wp-block-spacer\"><\/div>\n<\/div>\n\n\n\n<div class=\"wp-block-column ticss-f6fc7494\">\n<figure class=\"wp-block-image size-large is-resized is-style-rounded\"><img src=\"http:\/\/palekastro.pl\/wp-content\/uploads\/2021\/05\/188837711_128683819236724_6383823910019213485_n-1024x683.jpg\" alt=\"\" class=\"wp-image-1328\" width=\"550\" srcset=\"https:\/\/palekastro.pl\/wp-content\/uploads\/2021\/05\/188837711_128683819236724_6383823910019213485_n-1024x683.jpg 1024w, https:\/\/palekastro.pl\/wp-content\/uploads\/2021\/05\/188837711_128683819236724_6383823910019213485_n-300x200.jpg 300w, https:\/\/palekastro.pl\/wp-content\/uploads\/2021\/05\/188837711_128683819236724_6383823910019213485_n-768x512.jpg 768w, https:\/\/palekastro.pl\/wp-content\/uploads\/2021\/05\/188837711_128683819236724_6383823910019213485_n-1536x1024.jpg 1536w, https:\/\/palekastro.pl\/wp-content\/uploads\/2021\/05\/188837711_128683819236724_6383823910019213485_n-2048x1365.jpg 2048w, https:\/\/palekastro.pl\/wp-content\/uploads\/2021\/05\/188837711_128683819236724_6383823910019213485_n-930x620.jpg 930w\" sizes=\"(max-width: 1024px) 100vw, 1024px\" \/><\/figure>\n\n\n\n<p class=\"has-text-align-left has-neve-text-color-color has-text-color has-normal-font-size\">&#8222;<em>The spot is demanding and keeps you on your toes. Air and water temperatures are optimal. You can sit in the water for hours. Daily wind allows for training when you want. The station staff is very helpful and engaged. The gear is outstanding. The atmosphere at FREAK Surfstation is unprecedented.<\/em> <img loading=\"lazy\" height=\"16\" width=\"16\" alt=\"\ud83d\ude42\" src=\"https:\/\/static.xx.fbcdn.net\/images\/emoji.php\/v9\/ta5\/1.5\/16\/1f642.png\">.&#8221;<\/p>\n\n\n\n<p class=\"has-neve-text-color-color has-text-color\">Sebastian<\/p>\n\n\n\n<div style=\"height:20px\" aria-hidden=\"true\" class=\"wp-block-spacer\"><\/div>\n<\/div>\n<\/div>\n<\/div><\/div>\n\n\n\n<div class=\"wp-block-cover alignfull has-nv-dark-bg-background-color has-background-dim\" style=\"min-height:300px\"><div class=\"wp-block-cover__inner-container\">\n<h2 class=\"has-text-align-center has-nv-text-dark-bg-color has-text-color\">Palekastro Forecast<\/h2>\n\n\n\n<div class=\"wp-block-buttons alignfull is-content-justification-center\">\n<div class=\"wp-block-button has-custom-width wp-block-button__width-25 is-style-primary\"><a class=\"wp-block-button__link has-nv-site-bg-color has-text-color has-background\" href=\"https:\/\/www.windguru.cz\/49261\" style=\"background-color:#0172a3\" target=\"_blank\" rel=\"noreferrer noopener\">WINguru<\/a><\/div>\n\n\n\n<div class=\"wp-block-button has-custom-width wp-block-button__width-25 is-style-primary\"><a class=\"wp-block-button__link has-nv-site-bg-color has-text-color has-background\" href=\"https:\/\/www.windfinder.com\/forecast\/palekastro_kouremenos\" style=\"background-color:#0274a5\" target=\"_blank\" rel=\"noreferrer noopener\">Windfinder<\/a><\/div>\n\n\n\n<div class=\"wp-block-button has-custom-width wp-block-button__width-25 is-style-primary\"><a class=\"wp-block-button__link has-nv-site-bg-color has-text-color has-background\" href=\"https:\/\/www.windy.com\/35.198\/26.254?34.685,26.254,8,m:eDOagSU\" style=\"background-color:#0271a1\" target=\"_blank\" rel=\"noreferrer noopener\">Windy<\/a><\/div>\n<\/div>\n\n\n\n<div class=\"wp-block-buttons is-content-justification-right\">\n<div class=\"wp-block-button\"><a class=\"wp-block-button__link has-background\" href=\"http:\/\/palekastro.pl\/en\/index.php\/15c42-web-agency-gb-contact-us\/\" style=\"background-color:#0273a3\">Contact<\/a><\/div>\n<\/div>\n<\/div><\/div>\n\n\n\n<p><\/p>","protected":false},"excerpt":{"rendered":"<p>Wybierz najnowszy sprz\u0119t z kolekcji 2025 WING Foil JP, NEIL PRYDE, JP, ENSIS Deski JP i \u017cagle NEIL PRYDE Szkolenia na miar\u0119 Twoich potrzeb Nasze do\u015bwiadczenie zdobyte przez kilkana\u015bcie lat, z Twoim zaanga\u017cowaniem s\u0105 gwarancj\u0105 Twojego progresu. Codzienny mocny wiatr gwarantuje &#8222;ogie\u0144&#8221; Statystyki dla Palekastro w okresie od po\u0142owy czerwca do po\u0142owy wrze\u015bnia s\u0105 osza\u0142amiaj\u0105ce.<\/p>","protected":false},"author":1,"featured_media":0,"parent":0,"menu_order":0,"comment_status":"closed","ping_status":"closed","template":"","meta":{"neve_meta_sidebar":"full-width","neve_meta_container":"contained","neve_meta_enable_content_width":"on","neve_meta_content_width":90,"neve_meta_title_alignment":"","neve_meta_author_avatar":"","neve_post_elements_order":"","neve_meta_disable_header":"","neve_meta_disable_footer":"","neve_meta_disable_title":"on","_themeisle_gutenberg_block_has_review":false,"_ti_tpc_template_sync":false,"_ti_tpc_template_id":"cwhkd9lki581rusuhjti","spay_email":""},"_links":{"self":[{"href":"https:\/\/palekastro.pl\/en\/index.php\/wp-json\/wp\/v2\/pages\/5"}],"collection":[{"href":"https:\/\/palekastro.pl\/en\/index.php\/wp-json\/wp\/v2\/pages"}],"about":[{"href":"https:\/\/palekastro.pl\/en\/index.php\/wp-json\/wp\/v2\/types\/page"}],"author":[{"embeddable":true,"href":"https:\/\/palekastro.pl\/en\/index.php\/wp-json\/wp\/v2\/users\/1"}],"replies":[{"embeddable":true,"href":"https:\/\/palekastro.pl\/en\/index.php\/wp-json\/wp\/v2\/comments?post=5"}],"version-history":[{"count":205,"href":"https:\/\/palekastro.pl\/en\/index.php\/wp-json\/wp\/v2\/pages\/5\/revisions"}],"predecessor-version":[{"id":2533,"href":"https:\/\/palekastro.pl\/en\/index.php\/wp-json\/wp\/v2\/pages\/5\/revisions\/2533"}],"wp:attachment":[{"href":"https:\/\/palekastro.pl\/en\/index.php\/wp-json\/wp\/v2\/media?parent=5"}],"curies":[{"name":"wp","href":"https:\/\/api.w.org\/{rel}","templated":true}]}}