{"id":2266,"date":"2023-03-15T08:53:57","date_gmt":"2023-03-15T08:53:57","guid":{"rendered":"https:\/\/palekastro.pl\/?page_id=2266"},"modified":"2025-08-27T08:48:50","modified_gmt":"2025-08-27T08:48:50","slug":"__trashed","status":"publish","type":"page","link":"https:\/\/palekastro.pl\/en\/index.php\/__trashed\/","title":{"rendered":"wing Palekastro windsurfing Crete"},"content":{"rendered":"<div class=\"wp-block-columns\">\n<div class=\"wp-block-column\" style=\"flex-basis:100%\">\n<p class=\"has-text-align-center has-nv-light-bg-background-color has-background\">We put a lot of effort into the equipment <strong>FREAK SURF STATION<\/strong> met the expectations of our customers. <br><strong>We offer NEIL PRYDE wings and JP boards from the 2025 collection, as well as top equipment from the Swiss company ENSIS<\/strong><\/p>\n<\/div>\n<\/div>\n\n\n\n<div class=\"wp-block-columns\">\n<div class=\"wp-block-column\">\n<figure class=\"wp-block-image size-full is-resized\"><img loading=\"lazy\" src=\"http:\/\/palekastro.pl\/wp-content\/uploads\/2025\/08\/JP24-F-Winger-e1756281443879.webp\" alt=\"\" class=\"wp-image-2512\" width=\"444\" height=\"186\" srcset=\"https:\/\/palekastro.pl\/wp-content\/uploads\/2025\/08\/JP24-F-Winger-e1756281443879.webp 300w, https:\/\/palekastro.pl\/wp-content\/uploads\/2025\/08\/JP24-F-Winger-e1756281443879-18x8.webp 18w\" sizes=\"(max-width: 444px) 100vw, 444px\" \/><figcaption><strong>JP F &#8211; WINGER   77<\/strong><\/figcaption><\/figure>\n<\/div>\n\n\n\n<div class=\"wp-block-column\">\n<figure class=\"wp-block-image size-full is-resized\"><img loading=\"lazy\" src=\"http:\/\/palekastro.pl\/wp-content\/uploads\/2025\/08\/JP24-X-Winger-PRO-e1756281458895.webp\" alt=\"\" class=\"wp-image-2511\" width=\"454\" height=\"183\" srcset=\"https:\/\/palekastro.pl\/wp-content\/uploads\/2025\/08\/JP24-X-Winger-PRO-e1756281458895.webp 300w, https:\/\/palekastro.pl\/wp-content\/uploads\/2025\/08\/JP24-X-Winger-PRO-e1756281458895-18x7.webp 18w\" sizes=\"(max-width: 454px) 100vw, 454px\" \/><figcaption> <strong>JP X &#8211; WINGER   88, 99, 111, 122, 133, 144<\/strong><\/figcaption><\/figure>\n<\/div>\n<\/div>\n\n\n\n<div class=\"wp-block-columns\">\n<div class=\"wp-block-column\">\n<figure class=\"wp-block-image size-full is-resized\"><img loading=\"lazy\" src=\"http:\/\/palekastro.pl\/wp-content\/uploads\/2025\/08\/NP2025-WINGS-FLY-III.webp\" alt=\"\" class=\"wp-image-2510\" width=\"335\" height=\"334\" srcset=\"https:\/\/palekastro.pl\/wp-content\/uploads\/2025\/08\/NP2025-WINGS-FLY-III.webp 800w, https:\/\/palekastro.pl\/wp-content\/uploads\/2025\/08\/NP2025-WINGS-FLY-III-300x300.webp 300w, https:\/\/palekastro.pl\/wp-content\/uploads\/2025\/08\/NP2025-WINGS-FLY-III-150x150.webp 150w, https:\/\/palekastro.pl\/wp-content\/uploads\/2025\/08\/NP2025-WINGS-FLY-III-768x767.webp 768w, https:\/\/palekastro.pl\/wp-content\/uploads\/2025\/08\/NP2025-WINGS-FLY-III-12x12.webp 12w\" sizes=\"(max-width: 335px) 100vw, 335px\" \/><figcaption><strong>Neil Pryde FLY III 2,5 &#8211; 6,5<\/strong><\/figcaption><\/figure>\n<\/div>\n\n\n\n<div class=\"wp-block-column\">\n<figure class=\"wp-block-image size-full is-resized\"><img loading=\"lazy\" src=\"http:\/\/palekastro.pl\/wp-content\/uploads\/2025\/08\/NP2025-WINGS-FireflyPRO.webp\" alt=\"\" class=\"wp-image-2519\" width=\"336\" height=\"335\" srcset=\"https:\/\/palekastro.pl\/wp-content\/uploads\/2025\/08\/NP2025-WINGS-FireflyPRO.webp 800w, https:\/\/palekastro.pl\/wp-content\/uploads\/2025\/08\/NP2025-WINGS-FireflyPRO-300x300.webp 300w, https:\/\/palekastro.pl\/wp-content\/uploads\/2025\/08\/NP2025-WINGS-FireflyPRO-150x150.webp 150w, https:\/\/palekastro.pl\/wp-content\/uploads\/2025\/08\/NP2025-WINGS-FireflyPRO-768x767.webp 768w, https:\/\/palekastro.pl\/wp-content\/uploads\/2025\/08\/NP2025-WINGS-FireflyPRO-12x12.webp 12w\" sizes=\"(max-width: 336px) 100vw, 336px\" \/><figcaption> <strong>Neil Pryde FIREFLY PRO 3,0 &#8211; 5,0<\/strong> <\/figcaption><\/figure>\n<\/div>\n\n\n\n<div class=\"wp-block-column\">\n<figure class=\"wp-block-image size-full is-resized\"><img loading=\"lazy\" src=\"http:\/\/palekastro.pl\/wp-content\/uploads\/2025\/08\/GLIDE-SURF-75-HP13.webp\" alt=\"\" class=\"wp-image-2516\" width=\"336\" height=\"336\" srcset=\"https:\/\/palekastro.pl\/wp-content\/uploads\/2025\/08\/GLIDE-SURF-75-HP13.webp 800w, https:\/\/palekastro.pl\/wp-content\/uploads\/2025\/08\/GLIDE-SURF-75-HP13-300x300.webp 300w, https:\/\/palekastro.pl\/wp-content\/uploads\/2025\/08\/GLIDE-SURF-75-HP13-150x150.webp 150w, https:\/\/palekastro.pl\/wp-content\/uploads\/2025\/08\/GLIDE-SURF-75-HP13-768x768.webp 768w, https:\/\/palekastro.pl\/wp-content\/uploads\/2025\/08\/GLIDE-SURF-75-HP13-12x12.webp 12w\" sizes=\"(max-width: 336px) 100vw, 336px\" \/><figcaption> <strong>Neil Pryde GLIDE SURF  13, 15, 17, 19<\/strong><br> <\/figcaption><\/figure>\n<\/div>\n<\/div>\n\n\n\n<div class=\"wp-block-columns\">\n<div class=\"wp-block-column\">\n<div class=\"wp-block-image\"><figure class=\"aligncenter size-large\"><img loading=\"lazy\" width=\"1024\" height=\"293\" src=\"http:\/\/palekastro.pl\/wp-content\/uploads\/2023\/03\/ROCKNROLL-77_transparent-1024x293.png\" alt=\"\" class=\"wp-image-2404\" srcset=\"https:\/\/palekastro.pl\/wp-content\/uploads\/2023\/03\/ROCKNROLL-77_transparent-1024x293.png 1024w, https:\/\/palekastro.pl\/wp-content\/uploads\/2023\/03\/ROCKNROLL-77_transparent-300x86.png 300w, https:\/\/palekastro.pl\/wp-content\/uploads\/2023\/03\/ROCKNROLL-77_transparent-768x219.png 768w, https:\/\/palekastro.pl\/wp-content\/uploads\/2023\/03\/ROCKNROLL-77_transparent-18x5.png 18w, https:\/\/palekastro.pl\/wp-content\/uploads\/2023\/03\/ROCKNROLL-77_transparent.png 1400w\" sizes=\"(max-width: 1024px) 100vw, 1024px\" \/><\/figure><\/div>\n\n\n\n<p class=\"has-text-align-center\"><strong>ROCK\u2019N\u2019ROLL<\/strong><br>37, 57, 77, 97, 107, 117, 137<\/p>\n<\/div>\n\n\n\n<div class=\"wp-block-column\">\n<div class=\"wp-block-image\"><figure class=\"aligncenter size-large\"><img loading=\"lazy\" width=\"1024\" height=\"293\" src=\"http:\/\/palekastro.pl\/wp-content\/uploads\/2023\/03\/TWIST_Transparent-1024x293.png\" alt=\"\" class=\"wp-image-2402\" srcset=\"https:\/\/palekastro.pl\/wp-content\/uploads\/2023\/03\/TWIST_Transparent-1024x293.png 1024w, https:\/\/palekastro.pl\/wp-content\/uploads\/2023\/03\/TWIST_Transparent-300x86.png 300w, https:\/\/palekastro.pl\/wp-content\/uploads\/2023\/03\/TWIST_Transparent-768x219.png 768w, https:\/\/palekastro.pl\/wp-content\/uploads\/2023\/03\/TWIST_Transparent-18x5.png 18w, https:\/\/palekastro.pl\/wp-content\/uploads\/2023\/03\/TWIST_Transparent.png 1400w\" sizes=\"(max-width: 1024px) 100vw, 1024px\" \/><\/figure><\/div>\n\n\n\n<p class=\"has-text-align-center\"><strong>TWIST 1Board5Sports<\/strong><br>95, 125, 145<\/p>\n<\/div>\n<\/div>\n\n\n\n<p><\/p>\n\n\n\n<p><\/p>\n\n\n\n<div class=\"wp-block-columns\">\n<div class=\"wp-block-column\" style=\"flex-basis:50%\">\n<div class=\"wp-block-image\"><figure class=\"aligncenter size-large is-resized\"><img loading=\"lazy\" src=\"https:\/\/palekastro.pl\/wp-content\/uploads\/2023\/03\/ENSIS-SPIN-4-6-Orange-1024x293.png\" alt=\"\" class=\"wp-image-2401\" width=\"512\" height=\"147\" srcset=\"https:\/\/palekastro.pl\/wp-content\/uploads\/2023\/03\/ENSIS-SPIN-4-6-Orange-1024x293.png 1024w, https:\/\/palekastro.pl\/wp-content\/uploads\/2023\/03\/ENSIS-SPIN-4-6-Orange-300x86.png 300w, https:\/\/palekastro.pl\/wp-content\/uploads\/2023\/03\/ENSIS-SPIN-4-6-Orange-768x219.png 768w, https:\/\/palekastro.pl\/wp-content\/uploads\/2023\/03\/ENSIS-SPIN-4-6-Orange-18x5.png 18w, https:\/\/palekastro.pl\/wp-content\/uploads\/2023\/03\/ENSIS-SPIN-4-6-Orange.png 1400w\" sizes=\"(max-width: 512px) 100vw, 512px\" \/><\/figure><\/div>\n\n\n\n<p class=\"has-text-align-center\"> <strong>SPIN<\/strong><br>2.2, 2.6, 3.1, 3.6, 4.1, 4.6, 5.1 <\/p>\n<\/div>\n\n\n\n<div class=\"wp-block-column\" style=\"flex-basis:50%\">\n<figure class=\"wp-block-image size-large\"><img loading=\"lazy\" width=\"1024\" height=\"293\" src=\"https:\/\/palekastro.pl\/wp-content\/uploads\/2023\/03\/ENSIS_SCORE_Blue-1024x293.png\" alt=\"\" class=\"wp-image-2413\" srcset=\"https:\/\/palekastro.pl\/wp-content\/uploads\/2023\/03\/ENSIS_SCORE_Blue-1024x293.png 1024w, https:\/\/palekastro.pl\/wp-content\/uploads\/2023\/03\/ENSIS_SCORE_Blue-300x86.png 300w, https:\/\/palekastro.pl\/wp-content\/uploads\/2023\/03\/ENSIS_SCORE_Blue-768x219.png 768w, https:\/\/palekastro.pl\/wp-content\/uploads\/2023\/03\/ENSIS_SCORE_Blue-18x5.png 18w, https:\/\/palekastro.pl\/wp-content\/uploads\/2023\/03\/ENSIS_SCORE_Blue.png 1400w\" sizes=\"(max-width: 1024px) 100vw, 1024px\" \/><\/figure>\n\n\n\n<p class=\"has-text-align-center\">  <strong>SCORE<\/strong><br>3.5, 4.0, 4.5, 5.2 <\/p>\n<\/div>\n<\/div>\n\n\n\n<p><\/p>\n\n\n\n<div class=\"wp-block-columns\">\n<div class=\"wp-block-column\">\n<div class=\"wp-block-image\"><figure class=\"aligncenter size-large is-resized\"><img loading=\"lazy\" src=\"http:\/\/palekastro.pl\/wp-content\/uploads\/2023\/03\/ENSIS-INFINITY_Product-Category-Transparent-1024x293.png\" alt=\"\" class=\"wp-image-2400\" width=\"512\" height=\"147\" srcset=\"https:\/\/palekastro.pl\/wp-content\/uploads\/2023\/03\/ENSIS-INFINITY_Product-Category-Transparent-1024x293.png 1024w, https:\/\/palekastro.pl\/wp-content\/uploads\/2023\/03\/ENSIS-INFINITY_Product-Category-Transparent-300x86.png 300w, https:\/\/palekastro.pl\/wp-content\/uploads\/2023\/03\/ENSIS-INFINITY_Product-Category-Transparent-768x219.png 768w, https:\/\/palekastro.pl\/wp-content\/uploads\/2023\/03\/ENSIS-INFINITY_Product-Category-Transparent-18x5.png 18w, https:\/\/palekastro.pl\/wp-content\/uploads\/2023\/03\/ENSIS-INFINITY_Product-Category-Transparent.png 1400w\" sizes=\"(max-width: 512px) 100vw, 512px\" \/><\/figure><\/div>\n\n\n\n<p class=\"has-text-align-center\">  <strong>INFINITY<\/strong><br>1100, 1400, 1800 <\/p>\n<\/div>\n\n\n\n<div class=\"wp-block-column\">\n<figure class=\"wp-block-image size-large\"><img loading=\"lazy\" width=\"1024\" height=\"293\" src=\"https:\/\/palekastro.pl\/wp-content\/uploads\/2023\/03\/ensis-pacer2-1024x293.png\" alt=\"\" class=\"wp-image-2416\" srcset=\"https:\/\/palekastro.pl\/wp-content\/uploads\/2023\/03\/ensis-pacer2-1024x293.png 1024w, https:\/\/palekastro.pl\/wp-content\/uploads\/2023\/03\/ensis-pacer2-300x86.png 300w, https:\/\/palekastro.pl\/wp-content\/uploads\/2023\/03\/ensis-pacer2-768x219.png 768w, https:\/\/palekastro.pl\/wp-content\/uploads\/2023\/03\/ensis-pacer2-18x5.png 18w, https:\/\/palekastro.pl\/wp-content\/uploads\/2023\/03\/ensis-pacer2.png 1400w\" sizes=\"(max-width: 1024px) 100vw, 1024px\" \/><\/figure>\n\n\n\n<p class=\"has-text-align-center\"><strong>PACER<\/strong><br>2000 <\/p>\n<\/div>\n<\/div>\n\n\n\n<div class=\"wp-block-columns\">\n<div class=\"wp-block-column\">\n<div class=\"wp-block-buttons alignwide is-content-justification-center\">\n<div class=\"wp-block-button has-custom-width wp-block-button__width-100 is-style-secondary\"><a class=\"wp-block-button__link has-nv-text-dark-bg-color has-text-color has-background\" href=\"http:\/\/palekastro.pl\/wp-content\/uploads\/2025\/08\/2025-wing-foil-PRICE-LIST-Crete-rental-WING-1.pdf\" style=\"border-radius:8px;background-color:#2f6c75\" target=\"_blank\" rel=\"noreferrer noopener\">PRICE LIST PDF<\/a><\/div>\n<\/div>\n<\/div>\n<\/div>","protected":false},"excerpt":{"rendered":"<p>Dok\u0142adamy wiele stara\u0144 aby wyposa\u017cenie FREAK SURF STATION spe\u0142ni\u0142o oczekiwania naszych klient\u00f3w. Oferujemy wingi NEIL PRYDE i deski JP z kolekcji 2025 oraz topowy sprz\u0119t szwajcarskiej firmy ENSIS ROCK\u2019N\u2019ROLL37, 57, 77, 97, 107, 117, 137 TWIST 1Board5Sports95, 125, 145 SPIN2.2, 2.6, 3.1, 3.6, 4.1, 4.6, 5.1 SCORE3.5, 4.0, 4.5, 5.2 INFINITY1100, 1400, 1800 PACER2000<\/p>","protected":false},"author":1,"featured_media":0,"parent":0,"menu_order":0,"comment_status":"closed","ping_status":"closed","template":"","meta":{"neve_meta_sidebar":"full-width","neve_meta_container":"","neve_meta_enable_content_width":"on","neve_meta_content_width":100,"neve_meta_title_alignment":"","neve_meta_author_avatar":"","neve_post_elements_order":"","neve_meta_disable_header":"off","neve_meta_disable_footer":"","neve_meta_disable_title":"on","_themeisle_gutenberg_block_has_review":false,"_ti_tpc_template_sync":false,"_ti_tpc_template_id":"","spay_email":""},"_links":{"self":[{"href":"https:\/\/palekastro.pl\/en\/index.php\/wp-json\/wp\/v2\/pages\/2266"}],"collection":[{"href":"https:\/\/palekastro.pl\/en\/index.php\/wp-json\/wp\/v2\/pages"}],"about":[{"href":"https:\/\/palekastro.pl\/en\/index.php\/wp-json\/wp\/v2\/types\/page"}],"author":[{"embeddable":true,"href":"https:\/\/palekastro.pl\/en\/index.php\/wp-json\/wp\/v2\/users\/1"}],"replies":[{"embeddable":true,"href":"https:\/\/palekastro.pl\/en\/index.php\/wp-json\/wp\/v2\/comments?post=2266"}],"version-history":[{"count":11,"href":"https:\/\/palekastro.pl\/en\/index.php\/wp-json\/wp\/v2\/pages\/2266\/revisions"}],"predecessor-version":[{"id":2526,"href":"https:\/\/palekastro.pl\/en\/index.php\/wp-json\/wp\/v2\/pages\/2266\/revisions\/2526"}],"wp:attachment":[{"href":"https:\/\/palekastro.pl\/en\/index.php\/wp-json\/wp\/v2\/media?parent=2266"}],"curies":[{"name":"wp","href":"https:\/\/api.w.org\/{rel}","templated":true}]}}